{"id":6558,"date":"2024-11-27T11:30:49","date_gmt":"2024-11-27T10:30:49","guid":{"rendered":"https:\/\/silvergym.com.pl\/zdunskawola\/?page_id=6558"},"modified":"2025-08-13T22:48:18","modified_gmt":"2025-08-13T20:48:18","slug":"regulamin-rezerwacji-zajec-fitness-w-aplikacji-silowni-silver-gym","status":"publish","type":"page","link":"https:\/\/silvergym.com.pl\/zdunskawola\/regulamin-rezerwacji-zajec-fitness-w-aplikacji-silowni-silver-gym\/","title":{"rendered":"REGULAMIN REZERWACJI ZAJ\u0118\u0106 FITNESS w Aplikacji Si\u0142owni Silver Gym"},"content":{"rendered":"\t\t<div data-elementor-type=\"wp-page\" data-elementor-id=\"6558\" class=\"elementor elementor-6558\">\n\t\t\t\t<div class=\"elementor-element elementor-element-58d82a90 e-flex e-con-boxed e-con e-parent\" data-id=\"58d82a90\" data-element_type=\"container\">\n\t\t\t\t\t<div class=\"e-con-inner\">\n\t\t\t\t\t<\/div>\n\t\t\t\t<\/div>\n\t\t<div class=\"elementor-element elementor-element-f474d1a e-flex e-con-boxed e-con e-parent\" data-id=\"f474d1a\" data-element_type=\"container\">\n\t\t\t\t\t<div class=\"e-con-inner\">\n\t\t\t\t<div class=\"elementor-element elementor-element-cd1a701 elementor-widget elementor-widget-html\" data-id=\"cd1a701\" data-element_type=\"widget\" data-widget_type=\"html.default\">\n\t\t\t\t<div class=\"elementor-widget-container\">\n\t\t\t\t\t<iframe src=\"https:\/\/silvergym.com.pl\/zdunskawola\/wp-content\/uploads\/2025\/08\/REGULAMIN-REZERWACJI-ZAJEC-FITNESS.pdf\" \n        width=\"100%\" \n        height=\"700px\" \n        style=\"border: none;\">\n<\/iframe>\n\t\t\t\t<\/div>\n\t\t\t\t<\/div>\n\t\t\t\t\t<\/div>\n\t\t\t\t<\/div>\n\t\t\t\t<\/div>\n\t\t","protected":false},"excerpt":{"rendered":"","protected":false},"author":3,"featured_media":0,"parent":0,"menu_order":0,"comment_status":"closed","ping_status":"closed","template":"","meta":{"footnotes":""},"class_list":["post-6558","page","type-page","status-publish","hentry"],"yoast_head":"<!-- This site is optimized with the Yoast SEO plugin v26.8 - https:\/\/yoast.com\/product\/yoast-seo-wordpress\/ -->\n<title>REGULAMIN REZERWACJI ZAJ\u0118\u0106 FITNESS w Aplikacji Si\u0142owni Silver Gym - Silver Gym si\u0142ownia Zdu\u0144ska Wola<\/title>\n<meta name=\"robots\" content=\"index, follow, max-snippet:-1, max-image-preview:large, max-video-preview:-1\" \/>\n<link rel=\"canonical\" href=\"https:\/\/silvergym.com.pl\/zdunskawola\/regulamin-rezerwacji-zajec-fitness-w-aplikacji-silowni-silver-gym\/\" \/>\n<meta property=\"og:locale\" content=\"pl_PL\" \/>\n<meta property=\"og:type\" content=\"article\" \/>\n<meta property=\"og:title\" content=\"REGULAMIN REZERWACJI ZAJ\u0118\u0106 FITNESS w Aplikacji Si\u0142owni Silver Gym - Silver Gym si\u0142ownia Zdu\u0144ska Wola\" \/>\n<meta property=\"og:url\" content=\"https:\/\/silvergym.com.pl\/zdunskawola\/regulamin-rezerwacji-zajec-fitness-w-aplikacji-silowni-silver-gym\/\" \/>\n<meta property=\"og:site_name\" content=\"Silver Gym si\u0142ownia Zdu\u0144ska Wola\" \/>\n<meta property=\"article:publisher\" content=\"https:\/\/www.facebook.com\/silvergymzdunskawola\" \/>\n<meta property=\"article:modified_time\" content=\"2025-08-13T20:48:18+00:00\" \/>\n<meta property=\"og:image\" content=\"https:\/\/silvergym.com.pl\/zdunskawola\/wp-content\/uploads\/2024\/08\/Projekt-bez-nazwy2.jpg\" \/>\n\t<meta property=\"og:image:width\" content=\"1200\" \/>\n\t<meta property=\"og:image:height\" content=\"630\" \/>\n\t<meta property=\"og:image:type\" content=\"image\/jpeg\" \/>\n<meta name=\"twitter:card\" content=\"summary_large_image\" \/>\n<script type=\"application\/ld+json\" class=\"yoast-schema-graph\">{\"@context\":\"https:\/\/schema.org\",\"@graph\":[{\"@type\":\"WebPage\",\"@id\":\"https:\/\/silvergym.com.pl\/zdunskawola\/regulamin-rezerwacji-zajec-fitness-w-aplikacji-silowni-silver-gym\/\",\"url\":\"https:\/\/silvergym.com.pl\/zdunskawola\/regulamin-rezerwacji-zajec-fitness-w-aplikacji-silowni-silver-gym\/\",\"name\":\"REGULAMIN REZERWACJI ZAJ\u0118\u0106 FITNESS w Aplikacji Si\u0142owni Silver Gym - Silver Gym si\u0142ownia Zdu\u0144ska Wola\",\"isPartOf\":{\"@id\":\"https:\/\/silvergym.com.pl\/zdunskawola\/#website\"},\"datePublished\":\"2024-11-27T10:30:49+00:00\",\"dateModified\":\"2025-08-13T20:48:18+00:00\",\"breadcrumb\":{\"@id\":\"https:\/\/silvergym.com.pl\/zdunskawola\/regulamin-rezerwacji-zajec-fitness-w-aplikacji-silowni-silver-gym\/#breadcrumb\"},\"inLanguage\":\"pl-PL\",\"potentialAction\":[{\"@type\":\"ReadAction\",\"target\":[\"https:\/\/silvergym.com.pl\/zdunskawola\/regulamin-rezerwacji-zajec-fitness-w-aplikacji-silowni-silver-gym\/\"]}]},{\"@type\":\"BreadcrumbList\",\"@id\":\"https:\/\/silvergym.com.pl\/zdunskawola\/regulamin-rezerwacji-zajec-fitness-w-aplikacji-silowni-silver-gym\/#breadcrumb\",\"itemListElement\":[{\"@type\":\"ListItem\",\"position\":1,\"name\":\"Strona g\u0142\u00f3wna\",\"item\":\"https:\/\/silvergym.com.pl\/zdunskawola\/\"},{\"@type\":\"ListItem\",\"position\":2,\"name\":\"REGULAMIN REZERWACJI ZAJ\u0118\u0106 FITNESS w Aplikacji Si\u0142owni Silver Gym\"}]},{\"@type\":\"WebSite\",\"@id\":\"https:\/\/silvergym.com.pl\/zdunskawola\/#website\",\"url\":\"https:\/\/silvergym.com.pl\/zdunskawola\/\",\"name\":\"Silver Gym si\u0142ownia Zdu\u0144ska Wola\",\"description\":\"Zapraszamy do Silver Gym Zdu\u0144ska Wola, si\u0142owni stworzonej z my\u015bl\u0105 o tych, kt\u00f3rzy ceni\u0105 sobie profesjonalizm i komfort trening\u00f3w. Nasza lokalizacja w sercu Zdu\u0144skiej Woli oferuje \u0142atwy dost\u0119p do pe\u0142nowymiarowego centrum fitness z nowoczesnym wyposa\u017ceniem i przyjazn\u0105 atmosfer\u0105. Z mi\u0142osci i pasji do sportu.\",\"publisher\":{\"@id\":\"https:\/\/silvergym.com.pl\/zdunskawola\/#organization\"},\"alternateName\":\"Silver Gym Zdu\u0144ska Wola\",\"potentialAction\":[{\"@type\":\"SearchAction\",\"target\":{\"@type\":\"EntryPoint\",\"urlTemplate\":\"https:\/\/silvergym.com.pl\/zdunskawola\/?s={search_term_string}\"},\"query-input\":{\"@type\":\"PropertyValueSpecification\",\"valueRequired\":true,\"valueName\":\"search_term_string\"}}],\"inLanguage\":\"pl-PL\"},{\"@type\":\"Organization\",\"@id\":\"https:\/\/silvergym.com.pl\/zdunskawola\/#organization\",\"name\":\"Silver Gym si\u0142ownia Zdu\u0144ska Wola\",\"alternateName\":\"Silver Gym Zdu\u0144ska Wola\",\"url\":\"https:\/\/silvergym.com.pl\/zdunskawola\/\",\"logo\":{\"@type\":\"ImageObject\",\"inLanguage\":\"pl-PL\",\"@id\":\"https:\/\/silvergym.com.pl\/zdunskawola\/#\/schema\/logo\/image\/\",\"url\":\"https:\/\/silvergym.com.pl\/zdunskawola\/wp-content\/uploads\/2024\/05\/logo-1.png\",\"contentUrl\":\"https:\/\/silvergym.com.pl\/zdunskawola\/wp-content\/uploads\/2024\/05\/logo-1.png\",\"width\":1080,\"height\":1080,\"caption\":\"Silver Gym si\u0142ownia Zdu\u0144ska Wola\"},\"image\":{\"@id\":\"https:\/\/silvergym.com.pl\/zdunskawola\/#\/schema\/logo\/image\/\"},\"sameAs\":[\"https:\/\/www.facebook.com\/silvergymzdunskawola\",\"https:\/\/www.instagram.com\/silvergymzdunskawola\/\"]}]}<\/script>\n<!-- \/ Yoast SEO plugin. -->","yoast_head_json":{"title":"REGULAMIN REZERWACJI ZAJ\u0118\u0106 FITNESS w Aplikacji Si\u0142owni Silver Gym - Silver Gym si\u0142ownia Zdu\u0144ska Wola","robots":{"index":"index","follow":"follow","max-snippet":"max-snippet:-1","max-image-preview":"max-image-preview:large","max-video-preview":"max-video-preview:-1"},"canonical":"https:\/\/silvergym.com.pl\/zdunskawola\/regulamin-rezerwacji-zajec-fitness-w-aplikacji-silowni-silver-gym\/","og_locale":"pl_PL","og_type":"article","og_title":"REGULAMIN REZERWACJI ZAJ\u0118\u0106 FITNESS w Aplikacji Si\u0142owni Silver Gym - Silver Gym si\u0142ownia Zdu\u0144ska Wola","og_url":"https:\/\/silvergym.com.pl\/zdunskawola\/regulamin-rezerwacji-zajec-fitness-w-aplikacji-silowni-silver-gym\/","og_site_name":"Silver Gym si\u0142ownia Zdu\u0144ska Wola","article_publisher":"https:\/\/www.facebook.com\/silvergymzdunskawola","article_modified_time":"2025-08-13T20:48:18+00:00","og_image":[{"width":1200,"height":630,"url":"https:\/\/silvergym.com.pl\/zdunskawola\/wp-content\/uploads\/2024\/08\/Projekt-bez-nazwy2.jpg","type":"image\/jpeg"}],"twitter_card":"summary_large_image","schema":{"@context":"https:\/\/schema.org","@graph":[{"@type":"WebPage","@id":"https:\/\/silvergym.com.pl\/zdunskawola\/regulamin-rezerwacji-zajec-fitness-w-aplikacji-silowni-silver-gym\/","url":"https:\/\/silvergym.com.pl\/zdunskawola\/regulamin-rezerwacji-zajec-fitness-w-aplikacji-silowni-silver-gym\/","name":"REGULAMIN REZERWACJI ZAJ\u0118\u0106 FITNESS w Aplikacji Si\u0142owni Silver Gym - Silver Gym si\u0142ownia Zdu\u0144ska Wola","isPartOf":{"@id":"https:\/\/silvergym.com.pl\/zdunskawola\/#website"},"datePublished":"2024-11-27T10:30:49+00:00","dateModified":"2025-08-13T20:48:18+00:00","breadcrumb":{"@id":"https:\/\/silvergym.com.pl\/zdunskawola\/regulamin-rezerwacji-zajec-fitness-w-aplikacji-silowni-silver-gym\/#breadcrumb"},"inLanguage":"pl-PL","potentialAction":[{"@type":"ReadAction","target":["https:\/\/silvergym.com.pl\/zdunskawola\/regulamin-rezerwacji-zajec-fitness-w-aplikacji-silowni-silver-gym\/"]}]},{"@type":"BreadcrumbList","@id":"https:\/\/silvergym.com.pl\/zdunskawola\/regulamin-rezerwacji-zajec-fitness-w-aplikacji-silowni-silver-gym\/#breadcrumb","itemListElement":[{"@type":"ListItem","position":1,"name":"Strona g\u0142\u00f3wna","item":"https:\/\/silvergym.com.pl\/zdunskawola\/"},{"@type":"ListItem","position":2,"name":"REGULAMIN REZERWACJI ZAJ\u0118\u0106 FITNESS w Aplikacji Si\u0142owni Silver Gym"}]},{"@type":"WebSite","@id":"https:\/\/silvergym.com.pl\/zdunskawola\/#website","url":"https:\/\/silvergym.com.pl\/zdunskawola\/","name":"Silver Gym si\u0142ownia Zdu\u0144ska Wola","description":"Zapraszamy do Silver Gym Zdu\u0144ska Wola, si\u0142owni stworzonej z my\u015bl\u0105 o tych, kt\u00f3rzy ceni\u0105 sobie profesjonalizm i komfort trening\u00f3w. Nasza lokalizacja w sercu Zdu\u0144skiej Woli oferuje \u0142atwy dost\u0119p do pe\u0142nowymiarowego centrum fitness z nowoczesnym wyposa\u017ceniem i przyjazn\u0105 atmosfer\u0105. Z mi\u0142osci i pasji do sportu.","publisher":{"@id":"https:\/\/silvergym.com.pl\/zdunskawola\/#organization"},"alternateName":"Silver Gym Zdu\u0144ska Wola","potentialAction":[{"@type":"SearchAction","target":{"@type":"EntryPoint","urlTemplate":"https:\/\/silvergym.com.pl\/zdunskawola\/?s={search_term_string}"},"query-input":{"@type":"PropertyValueSpecification","valueRequired":true,"valueName":"search_term_string"}}],"inLanguage":"pl-PL"},{"@type":"Organization","@id":"https:\/\/silvergym.com.pl\/zdunskawola\/#organization","name":"Silver Gym si\u0142ownia Zdu\u0144ska Wola","alternateName":"Silver Gym Zdu\u0144ska Wola","url":"https:\/\/silvergym.com.pl\/zdunskawola\/","logo":{"@type":"ImageObject","inLanguage":"pl-PL","@id":"https:\/\/silvergym.com.pl\/zdunskawola\/#\/schema\/logo\/image\/","url":"https:\/\/silvergym.com.pl\/zdunskawola\/wp-content\/uploads\/2024\/05\/logo-1.png","contentUrl":"https:\/\/silvergym.com.pl\/zdunskawola\/wp-content\/uploads\/2024\/05\/logo-1.png","width":1080,"height":1080,"caption":"Silver Gym si\u0142ownia Zdu\u0144ska Wola"},"image":{"@id":"https:\/\/silvergym.com.pl\/zdunskawola\/#\/schema\/logo\/image\/"},"sameAs":["https:\/\/www.facebook.com\/silvergymzdunskawola","https:\/\/www.instagram.com\/silvergymzdunskawola\/"]}]}},"_links":{"self":[{"href":"https:\/\/silvergym.com.pl\/zdunskawola\/wp-json\/wp\/v2\/pages\/6558","targetHints":{"allow":["GET"]}}],"collection":[{"href":"https:\/\/silvergym.com.pl\/zdunskawola\/wp-json\/wp\/v2\/pages"}],"about":[{"href":"https:\/\/silvergym.com.pl\/zdunskawola\/wp-json\/wp\/v2\/types\/page"}],"author":[{"embeddable":true,"href":"https:\/\/silvergym.com.pl\/zdunskawola\/wp-json\/wp\/v2\/users\/3"}],"replies":[{"embeddable":true,"href":"https:\/\/silvergym.com.pl\/zdunskawola\/wp-json\/wp\/v2\/comments?post=6558"}],"version-history":[{"count":4,"href":"https:\/\/silvergym.com.pl\/zdunskawola\/wp-json\/wp\/v2\/pages\/6558\/revisions"}],"predecessor-version":[{"id":6909,"href":"https:\/\/silvergym.com.pl\/zdunskawola\/wp-json\/wp\/v2\/pages\/6558\/revisions\/6909"}],"wp:attachment":[{"href":"https:\/\/silvergym.com.pl\/zdunskawola\/wp-json\/wp\/v2\/media?parent=6558"}],"curies":[{"name":"wp","href":"https:\/\/api.w.org\/{rel}","templated":true}]}}